{"id":71,"date":"2019-02-28T10:20:44","date_gmt":"2019-02-28T09:20:44","guid":{"rendered":"http:\/\/www.olisens.com\/index.php\/one-page-express\/"},"modified":"2025-01-02T12:50:26","modified_gmt":"2025-01-02T11:50:26","slug":"one-page-express","status":"publish","type":"page","link":"http:\/\/www.olisens.com\/","title":{"rendered":"La qualit\u00e9 de l&rsquo;eau en temps r\u00e9el"},"content":{"rendered":"\n<h2 class=\"has-vivid-cyan-blue-color has-text-color wp-block-heading\">Notre activit\u00e9<\/h2>\n\n\n\n<figure class=\"wp-block-image size-large\"><img loading=\"lazy\" decoding=\"async\" width=\"1024\" height=\"655\" src=\"https:\/\/www.olisens.com\/wp-content\/uploads\/2024\/02\/Activit\u00e9-OliSens-1024x655.png\" alt=\"\" class=\"wp-image-612\" srcset=\"https:\/\/www.olisens.com\/wp-content\/uploads\/2024\/02\/Activit\u00e9-OliSens-1024x655.png 1024w, https:\/\/www.olisens.com\/wp-content\/uploads\/2024\/02\/Activit\u00e9-OliSens-300x192.png 300w, https:\/\/www.olisens.com\/wp-content\/uploads\/2024\/02\/Activit\u00e9-OliSens-768x491.png 768w, https:\/\/www.olisens.com\/wp-content\/uploads\/2024\/02\/Activit\u00e9-OliSens.png 1076w\" sizes=\"auto, (max-width: 1024px) 100vw, 1024px\" \/><\/figure>\n\n\n<div id=\"qui-sommes-nous\" class=\"about-big-images-section\" style=\"background-color: #ffffff;\" data-id=\"about-big-images-section\" data-category=\"about\" data-label=\"Qui sommes nous\">\n<div class=\"gridContainer\">\n<div class=\"about-big-images-textrow\">\n<div class=\"about-big-images-textcol dynamic-color\" data-type=\"column\">\n<p><span style=\"color: #000000;\"><strong>OliSens<\/strong><\/span> a pour <span style=\"color: #000000;\">ambition<\/span> de <strong>contribuer <\/strong>\u00e0 la<strong> pr\u00e9servation <\/strong>des<strong> ressources <\/strong>en<strong> eau<\/strong>, tant quantitativement que qualitativement, en <strong>concevant<\/strong> et en <strong>fabricant<\/strong> des <strong>dispositifs<\/strong> qui permettent de<strong> mesurer, en temps r\u00e9el,<\/strong> la concentration de <strong>polluants<\/strong> ou de <strong>mol\u00e9cules d&rsquo;int\u00e9r\u00eat <\/strong>pr\u00e9sents dans<strong> l&rsquo;eau, <\/strong>y compris \u00e0<strong> l&rsquo;\u00e9tat de trace.\u00a0<\/strong><\/p>\n<h3><span style=\"color: #3898d5;\">Les enjeux<\/span><\/h3>\n<p style=\"text-align: left;\">L&rsquo;<strong>objectif d&rsquo;OliSens<\/strong> est de mettre \u00e0 disposition de op\u00e9rateurs des dispositifs de mesure simple et performant permettant d&rsquo;obtenir,\u00a0 le <strong>r\u00e9sultat<\/strong>, <strong>sur place<\/strong>, en <strong>4 minutes <\/strong>(plut\u00f4t que de devoir collecter des \u00e9chantillons, les conditionner, les exp\u00e9dier vers un laboratoire d&rsquo;analyses sp\u00e9cialis\u00e9 &#8211; l&rsquo;int\u00e9gralit\u00e9 du cycle pouvant prendre 3 \u00e0 10 jours, parfois plus).<\/p>\n<\/div>\n<\/div>\n<\/div>\n<\/div>\n\n\n<figure class=\"wp-block-image size-large\"><img loading=\"lazy\" decoding=\"async\" width=\"1024\" height=\"342\" src=\"http:\/\/www.olisens.com\/wp-content\/uploads\/2023\/10\/7v91b52u-1024x342.png\" alt=\"\" class=\"wp-image-326\" srcset=\"https:\/\/www.olisens.com\/wp-content\/uploads\/2023\/10\/7v91b52u-1024x342.png 1024w, https:\/\/www.olisens.com\/wp-content\/uploads\/2023\/10\/7v91b52u-300x100.png 300w, https:\/\/www.olisens.com\/wp-content\/uploads\/2023\/10\/7v91b52u-768x257.png 768w, https:\/\/www.olisens.com\/wp-content\/uploads\/2023\/10\/7v91b52u.png 1217w\" sizes=\"auto, (max-width: 1024px) 100vw, 1024px\" \/><\/figure>\n\n\n\n<p> En disposant de donn\u00e9es fiables en 4 minutes, l&rsquo;op\u00e9rateur va <strong>pouvoir engager imm\u00e9diatement les actions ad\u00e9quates<\/strong> (arr\u00eater de puiser dans une ressources en eau, avertir les usagers,&nbsp; traiter l&rsquo;eau avec la juste dose, d\u00e9cider de pouvoir r\u00e9utiliser une eau ou non,&#8230; <\/p>\n\n\n\n<p>OliSens a d\u00e9velopp\u00e9 diff\u00e9rentes <strong>technologies<\/strong> (IonSens, MetalSens) qui peuvent \u00eatre mise en oeuvres dans des diff\u00e9rents <strong>dispositifs<\/strong>, qu&rsquo;ils soient <strong>portables<\/strong>) ou qu&rsquo;ils fonctionnent <strong>en ligne<\/strong>. <\/p>\n\n\n\n<h3 class=\"has-text-color wp-block-heading\" style=\"color:#3898d5\">Solutions propos\u00e9es<\/h3>\n\n\n\n<h4 class=\"wp-block-heading\">Les technologies d\u00e9velopp\u00e9es<\/h4>\n\n\n\n<p>OliSens a mis au point deux technologies :<br>IonSens d\u00e9di\u00e9e \u00e0 la quantification des ions (nitrate, chlorure, fluorure, ammonium&#8230;)<br>MtalSens est d\u00e9di\u00e9 \u00e0 la quantification des m\u00e9taux lourds (Plomb,Cadmium, Nickel, Zinc&#8230;)<\/p>\n\n\n\n<figure class=\"wp-block-image size-large is-resized\"><img loading=\"lazy\" decoding=\"async\" src=\"https:\/\/www.olisens.com\/wp-content\/uploads\/2023\/10\/IS-et-MS-petit.png\" alt=\"\" class=\"wp-image-329\" width=\"580\" height=\"269\" srcset=\"https:\/\/www.olisens.com\/wp-content\/uploads\/2023\/10\/IS-et-MS-petit.png 955w, https:\/\/www.olisens.com\/wp-content\/uploads\/2023\/10\/IS-et-MS-petit-300x139.png 300w, https:\/\/www.olisens.com\/wp-content\/uploads\/2023\/10\/IS-et-MS-petit-768x357.png 768w\" sizes=\"auto, (max-width: 580px) 100vw, 580px\" \/><\/figure>\n\n\n\n<p>Ces technologies  ont \u00e9t\u00e9 test\u00e9es sur des eaux \u00e0 destinations de consommations humaine ainsi que des eaux de proc\u00e9d\u00e9s. Les r\u00e9sultats ont \u00e9t\u00e9 syst\u00e9matiquement compar\u00e9es aux r\u00e9sultats obtenus par des m\u00e9thodes analytiques classiques. Les diff\u00e9rence observ\u00e9es sont inf\u00e9rieures \u00e0 12% en moyenne. <\/p>\n\n\n\n<h4 class=\"wp-block-heading\">Les dispositifs<\/h4>\n\n\n\n<figure class=\"wp-block-image size-large\"><img loading=\"lazy\" decoding=\"async\" width=\"1024\" height=\"576\" src=\"https:\/\/www.olisens.com\/wp-content\/uploads\/2023\/10\/Pr\u00e9sentation2-1024x576.png\" alt=\"\" class=\"wp-image-322\" srcset=\"https:\/\/www.olisens.com\/wp-content\/uploads\/2023\/10\/Pr\u00e9sentation2-1024x576.png 1024w, https:\/\/www.olisens.com\/wp-content\/uploads\/2023\/10\/Pr\u00e9sentation2-300x169.png 300w, https:\/\/www.olisens.com\/wp-content\/uploads\/2023\/10\/Pr\u00e9sentation2-768x432.png 768w, https:\/\/www.olisens.com\/wp-content\/uploads\/2023\/10\/Pr\u00e9sentation2.png 1280w\" sizes=\"auto, (max-width: 1024px) 100vw, 1024px\" \/><\/figure>\n\n\n\n<p>Ces dispositifs ont \u00e9t\u00e9 con\u00e7us afin de pouvoir \u00eatre utilis\u00e9s par des personnels n&rsquo;ayant pas de comp\u00e9tences sp\u00e9cifiques en chimie. <\/p>\n\n\n\n<h3 class=\"has-text-color wp-block-heading\" style=\"color:#3898d5\">Les applications vis\u00e9es<\/h3>\n\n\n\n<h4 class=\"wp-block-heading\">Mode d&rsquo;utilisation : gestion de crise et pilotage au quontidien<\/h4>\n\n\n\n<p>Les technologie IonSens et MetalSens peuvent \u00eatre utilis\u00e9es soit pour la <strong>gestion de crise<\/strong> (caract\u00e9risation et localisation de la pollution) soit pour l&rsquo;<strong>optimisation du pilotage d&rsquo;installation<\/strong> de traitement (le traitement \u00e0 la juste dose).<\/p>\n\n\n\n<h4 class=\"wp-block-heading\">Applications<\/h4>\n\n\n\n<p>Les technologies IonSens et MetalSens sont principalement utilis\u00e9es pour le contr\u00f4le de la potabilit\u00e9 de l&rsquo;eau et le pilotage de station biologiques d&rsquo;effluents industriels. <\/p>\n\n\n\n<figure class=\"wp-block-image size-large\"><img loading=\"lazy\" decoding=\"async\" width=\"1024\" height=\"576\" src=\"http:\/\/www.olisens.com\/wp-content\/uploads\/2020\/10\/IndusDEF_Plan-de-travail-1-1024x576.png\" alt=\"\" class=\"wp-image-298\" srcset=\"https:\/\/www.olisens.com\/wp-content\/uploads\/2020\/10\/IndusDEF_Plan-de-travail-1-1024x576.png 1024w, https:\/\/www.olisens.com\/wp-content\/uploads\/2020\/10\/IndusDEF_Plan-de-travail-1-300x169.png 300w, https:\/\/www.olisens.com\/wp-content\/uploads\/2020\/10\/IndusDEF_Plan-de-travail-1-768x432.png 768w, https:\/\/www.olisens.com\/wp-content\/uploads\/2020\/10\/IndusDEF_Plan-de-travail-1-1536x864.png 1536w, https:\/\/www.olisens.com\/wp-content\/uploads\/2020\/10\/IndusDEF_Plan-de-travail-1.png 1920w\" sizes=\"auto, (max-width: 1024px) 100vw, 1024px\" \/><\/figure>\n\n\n\n<h4 class=\"has-text-color wp-block-heading\" style=\"color:#3898d5\"><strong>Nous retrouver et nous contacter<\/strong><\/h4>\n\n\n\n<p>OliSens est implant\u00e9e en bordure du Campus Lyon Tech La Doua au sein du Centre d&rsquo;Innovation et d&rsquo;Entreprise au 66 Boulevard Niels Bohr &#8211; 69100 Villeurbanne.<\/p>\n\n\n\n<div class=\"wpcf7 no-js\" id=\"wpcf7-f156-o1\" lang=\"fr-FR\" dir=\"ltr\" data-wpcf7-id=\"156\">\n<div class=\"screen-reader-response\"><p role=\"status\" aria-live=\"polite\" aria-atomic=\"true\"><\/p> <ul><\/ul><\/div>\n<form action=\"\/index.php?rest_route=%2Fwp%2Fv2%2Fpages%2F71#wpcf7-f156-o1\" method=\"post\" class=\"wpcf7-form init\" aria-label=\"Formulaire de contact\" novalidate=\"novalidate\" data-status=\"init\">\n<fieldset class=\"hidden-fields-container\"><input type=\"hidden\" name=\"_wpcf7\" value=\"156\" \/><input type=\"hidden\" name=\"_wpcf7_version\" value=\"6.1.1\" \/><input type=\"hidden\" name=\"_wpcf7_locale\" value=\"fr_FR\" \/><input type=\"hidden\" name=\"_wpcf7_unit_tag\" value=\"wpcf7-f156-o1\" \/><input type=\"hidden\" name=\"_wpcf7_container_post\" value=\"0\" \/><input type=\"hidden\" name=\"_wpcf7_posted_data_hash\" value=\"\" \/>\n<\/fieldset>\n<p>Retrouvez-nous ici :<br \/>\n<iframe loading=\"lazy\" src=\"https:\/\/www.google.com\/maps\/embed?pb=!1m18!1m12!1m3!1d2782.62898647793!2d4.873613015365426!3d45.778625220429035!2m3!1f0!2f0!3f0!3m2!1i1024!2i768!4f13.1!3m3!1m2!1s0x47f4c0207cddb7eb%3A0x3fbfee1a070828b!2s5%20Rue%20de%20la%20Doua%2C%2069100%20Villeurbanne!5e0!3m2!1sfr!2sfr!4v1591870725144!5m2!1sfr!2sfr\" width=\"600\" height=\"450\" frameborder=\"0\" style=\"border:0;\" allowfullscreen=\"\" aria-hidden=\"false\" tabindex=\"0\"><\/iframe>\n<\/p><div class=\"wpcf7-response-output\" aria-hidden=\"true\"><\/div>\n<\/form>\n<\/div>\n\n\n\n\n<p>Pour en savoir plus, contactez-nous \u00e0 cette adresse : contact[@]olisens.com<\/p>\n","protected":false},"excerpt":{"rendered":"<p>Notre activit\u00e9 OliSens a pour ambition de contribuer \u00e0 la pr\u00e9servation des ressources en eau, tant quantitativement que qualitativement, en concevant et en fabricant des dispositifs qui permettent de mesurer, en temps r\u00e9el, la concentration de polluants ou de mol\u00e9cules d&rsquo;int\u00e9r\u00eat pr\u00e9sents dans l&rsquo;eau, y compris \u00e0 l&rsquo;\u00e9tat de trace.\u00a0 Les enjeux L&rsquo;objectif d&rsquo;OliSens est [&hellip;]<\/p>\n","protected":false},"author":1,"featured_media":0,"parent":0,"menu_order":1,"comment_status":"closed","ping_status":"closed","template":"home-page.php","meta":{"footnotes":""},"class_list":["post-71","page","type-page","status-publish","hentry"],"_links":{"self":[{"href":"https:\/\/www.olisens.com\/index.php?rest_route=\/wp\/v2\/pages\/71","targetHints":{"allow":["GET"]}}],"collection":[{"href":"https:\/\/www.olisens.com\/index.php?rest_route=\/wp\/v2\/pages"}],"about":[{"href":"https:\/\/www.olisens.com\/index.php?rest_route=\/wp\/v2\/types\/page"}],"author":[{"embeddable":true,"href":"https:\/\/www.olisens.com\/index.php?rest_route=\/wp\/v2\/users\/1"}],"replies":[{"embeddable":true,"href":"https:\/\/www.olisens.com\/index.php?rest_route=%2Fwp%2Fv2%2Fcomments&post=71"}],"version-history":[{"count":59,"href":"https:\/\/www.olisens.com\/index.php?rest_route=\/wp\/v2\/pages\/71\/revisions"}],"predecessor-version":[{"id":619,"href":"https:\/\/www.olisens.com\/index.php?rest_route=\/wp\/v2\/pages\/71\/revisions\/619"}],"wp:attachment":[{"href":"https:\/\/www.olisens.com\/index.php?rest_route=%2Fwp%2Fv2%2Fmedia&parent=71"}],"curies":[{"name":"wp","href":"https:\/\/api.w.org\/{rel}","templated":true}]}}